{"id":5110,"date":"2025-04-30T13:22:13","date_gmt":"2025-04-30T13:22:13","guid":{"rendered":"https:\/\/hihotelsirmione.it\/vielen-dank-fuer-ihre-kontaktaufnahme\/"},"modified":"2025-08-11T15:08:01","modified_gmt":"2025-08-11T14:08:01","slug":"vielen-dank-fuer-ihre-kontaktaufnahme","status":"publish","type":"page","link":"https:\/\/www.hihotelsirmione.it\/de\/vielen-dank-fuer-ihre-kontaktaufnahme\/","title":{"rendered":"Vielen Dank f\u00fcr Ihre Kontaktaufnahme"},"content":{"rendered":"[vc_row type=&#8220;full_width_content&#8220; full_screen_row_position=&#8220;middle&#8220; column_margin=&#8220;none&#8220; column_direction=&#8220;default&#8220; column_direction_tablet=&#8220;default&#8220; column_direction_phone=&#8220;default&#8220; bg_image=&#8220;715&#8243; bg_position=&#8220;left top&#8220; background_image_loading=&#8220;default&#8220; bg_repeat=&#8220;no-repeat&#8220; scene_position=&#8220;center&#8220; top_padding=&#8220;10%&#8220; bottom_padding=&#8220;8%&#8220; top_padding_tablet=&#8220;20%&#8220; bottom_padding_tablet=&#8220;8%&#8220; left_padding_tablet=&#8220;0&#8243; right_padding_tablet=&#8220;0&#8243; top_padding_phone=&#8220;34%&#8220; bottom_padding_phone=&#8220;8%&#8220; left_padding_phone=&#8220;0&#8243; right_padding_phone=&#8220;0&#8243; text_color=&#8220;dark&#8220; text_align=&#8220;left&#8220; row_border_radius=&#8220;none&#8220; row_border_radius_applies=&#8220;bg&#8220; overflow=&#8220;visible&#8220; overlay_strength=&#8220;0.3&#8243; gradient_direction=&#8220;left_to_right&#8220; shape_divider_position=&#8220;bottom&#8220; bg_image_animation=&#8220;none&#8220; gradient_type=&#8220;default&#8220; shape_type=&#8220;&#8220;][vc_column column_padding=&#8220;padding-1-percent&#8220; column_padding_tablet=&#8220;inherit&#8220; column_padding_phone=&#8220;inherit&#8220; column_padding_position=&#8220;all&#8220; column_element_direction_desktop=&#8220;default&#8220; column_element_spacing=&#8220;default&#8220; centered_text=&#8220;true&#8220; desktop_text_alignment=&#8220;center&#8220; tablet_text_alignment=&#8220;default&#8220; phone_text_alignment=&#8220;default&#8220; background_color_opacity=&#8220;1&#8243; background_hover_color_opacity=&#8220;1&#8243; column_backdrop_filter=&#8220;none&#8220; column_shadow=&#8220;none&#8220; column_border_radius=&#8220;none&#8220; column_link_target=&#8220;_self&#8220; column_position=&#8220;default&#8220; gradient_direction=&#8220;left_to_right&#8220; overlay_strength=&#8220;0.3&#8243; width=&#8220;1\/3&#8243; tablet_width_inherit=&#8220;default&#8220; animation_type=&#8220;default&#8220; enable_animation=&#8220;true&#8220; animation=&#8220;fade-in&#8220; animation_easing=&#8220;default&#8220; bg_image_animation=&#8220;none&#8220; border_type=&#8220;simple&#8220; column_border_width=&#8220;none&#8220; column_border_style=&#8220;solid&#8220; column_padding_type=&#8220;default&#8220; gradient_type=&#8220;default&#8220; delay=&#8220;150&#8243; offset=&#8220;vc_hidden-sm vc_hidden-xs&#8220;][divider line_type=&#8220;No Line&#8220; custom_height=&#8220;20vh&#8220;][image_with_animation image_url=&#8220;1216&#8243; image_size=&#8220;full&#8220; animation_type=&#8220;entrance&#8220; animation=&#8220;None&#8220; animation_movement_type=&#8220;transform_y&#8220; hover_animation=&#8220;none&#8220; alignment=&#8220;center&#8220; border_radius=&#8220;none&#8220; box_shadow=&#8220;none&#8220; image_loading=&#8220;default&#8220; max_width=&#8220;50%&#8220; max_width_mobile=&#8220;default&#8220;][divider line_type=&#8220;Vertical Line&#8220; divider_color=&#8220;extra-color-2&#8243; custom_height=&#8220;10vh&#8220;][vc_column_text css=&#8220;&#8220; text_direction=&#8220;default&#8220;]\n<h4>HIHOTELS SIRMIONE<\/h4>\n[\/vc_column_text][divider line_type=&#8220;No Line&#8220; custom_height=&#8220;20vh&#8220;][\/vc_column][vc_column column_padding=&#8220;no-extra-padding&#8220; column_padding_tablet=&#8220;inherit&#8220; column_padding_phone=&#8220;inherit&#8220; column_padding_position=&#8220;all&#8220; column_element_direction_desktop=&#8220;default&#8220; column_element_spacing=&#8220;default&#8220; desktop_text_alignment=&#8220;default&#8220; tablet_text_alignment=&#8220;default&#8220; phone_text_alignment=&#8220;default&#8220; background_color_opacity=&#8220;1&#8243; background_hover_color_opacity=&#8220;1&#8243; column_backdrop_filter=&#8220;none&#8220; column_shadow=&#8220;none&#8220; column_border_radius=&#8220;none&#8220; column_link_target=&#8220;_self&#8220; column_position=&#8220;default&#8220; gradient_direction=&#8220;left_to_right&#8220; overlay_strength=&#8220;0.3&#8243; width=&#8220;2\/3&#8243; tablet_width_inherit=&#8220;default&#8220; animation_type=&#8220;default&#8220; bg_image_animation=&#8220;none&#8220; parallax_bg=&#8220;true&#8220; parallax_bg_speed=&#8220;minimum&#8220; border_type=&#8220;simple&#8220; column_border_width=&#8220;none&#8220; column_border_style=&#8220;solid&#8220; column_padding_type=&#8220;default&#8220; gradient_type=&#8220;default&#8220;][vc_row_inner column_margin=&#8220;default&#8220; column_direction=&#8220;default&#8220; column_direction_tablet=&#8220;default&#8220; column_direction_phone=&#8220;default&#8220; bottom_padding=&#8220;8%&#8220; bottom_padding_tablet=&#8220;4%&#8220; bottom_padding_phone=&#8220;4%&#8220; translate_x=&#8220;100&#8243; translate_x_tablet=&#8220;0&#8243; translate_x_phone=&#8220;0&#8243; text_align=&#8220;left&#8220; row_position=&#8220;default&#8220; row_position_tablet=&#8220;inherit&#8220; row_position_phone=&#8220;inherit&#8220; overflow=&#8220;visible&#8220; pointer_events=&#8220;all&#8220;][vc_column_inner column_padding=&#8220;no-extra-padding&#8220; column_padding_tablet=&#8220;padding-2-percent&#8220; column_padding_phone=&#8220;padding-2-percent&#8220; column_padding_position=&#8220;all&#8220; column_element_direction_desktop=&#8220;default&#8220; column_element_spacing=&#8220;default&#8220; desktop_text_alignment=&#8220;default&#8220; tablet_text_alignment=&#8220;default&#8220; phone_text_alignment=&#8220;default&#8220; background_color_opacity=&#8220;1&#8243; background_hover_color_opacity=&#8220;1&#8243; column_backdrop_filter=&#8220;none&#8220; column_shadow=&#8220;none&#8220; column_border_radius=&#8220;none&#8220; column_link_target=&#8220;_self&#8220; overflow=&#8220;visible&#8220; gradient_direction=&#8220;left_to_right&#8220; overlay_strength=&#8220;0.3&#8243; width=&#8220;5\/6&#8243; tablet_width_inherit=&#8220;default&#8220; animation_type=&#8220;default&#8220; enable_animation=&#8220;true&#8220; animation=&#8220;fade-in&#8220; animation_easing=&#8220;default&#8220; bg_image_animation=&#8220;none&#8220; border_type=&#8220;simple&#8220; column_border_width=&#8220;none&#8220; column_border_style=&#8220;solid&#8220; column_padding_type=&#8220;default&#8220; gradient_type=&#8220;default&#8220; offset=&#8220;vc_col-xs-12&#8243; delay=&#8220;300&#8243;][vc_column_text css_animation=&#8220;fadeInUp&#8220; css=&#8220;&#8220; text_direction=&#8220;default&#8220;]\n<h2>Dankesch\u00f6n<\/h2>\n[\/vc_column_text][vc_column_text css=&#8220;&#8220; text_direction=&#8220;default&#8220;]\n<h5>f\u00fcr die Kontaktaufnahme mit uns!<\/h5>\n<p class=\"\" data-start=\"152\" data-end=\"287\">Wir haben Ihre Nachricht korrekt erhalten.<br data-start=\"200\" data-end=\"203\">Wir werden Ihnen so schnell wie m\u00f6glich antworten und Ihnen alle gew\u00fcnschten Informationen zukommen lassen.<\/p>\n<p class=\"\" data-start=\"289\" data-end=\"442\">In der Zwischenzeit k\u00f6nnen Sie auf unserer Website st\u00f6bern oder uns in den sozialen Medien folgen, um Neuigkeiten, Angebote und Anregungen f\u00fcr Ihren n\u00e4chsten Aufenthalt zu entdecken.<\/p>\n[\/vc_column_text][divider line_type=&#8220;No Line&#8220; custom_height=&#8220;2vh&#8220;][nectar_btn size=&#8220;medium&#8220; button_style=&#8220;regular&#8220; button_color_2=&#8220;Accent-Color&#8220; icon_family=&#8220;none&#8220; text=&#8220;STARTSEITE&#8220; url=&#8220;https:\/\/www.hihotelsirmione.it\/de\/&#8220; margin_right=&#8220;10&#8243; css_animation=&#8220;fadeIn&#8220;][nectar_btn size=&#8220;medium&#8220; button_style=&#8220;regular&#8220; button_color_2=&#8220;Extra-Color-1&#8243; icon_family=&#8220;none&#8220; text=&#8220;ANGEBOTE&#8220; url=&#8220;https:\/\/www.hihotelsirmione.it\/de\/angebote\/&#8220; css_animation=&#8220;fadeIn&#8220;][\/vc_column_inner][vc_column_inner column_padding=&#8220;no-extra-padding&#8220; column_padding_tablet=&#8220;inherit&#8220; column_padding_phone=&#8220;inherit&#8220; column_padding_position=&#8220;all&#8220; column_element_direction_desktop=&#8220;default&#8220; column_element_spacing=&#8220;default&#8220; desktop_text_alignment=&#8220;default&#8220; tablet_text_alignment=&#8220;default&#8220; phone_text_alignment=&#8220;default&#8220; background_color_opacity=&#8220;1&#8243; background_hover_color_opacity=&#8220;1&#8243; column_backdrop_filter=&#8220;none&#8220; column_shadow=&#8220;none&#8220; column_border_radius=&#8220;none&#8220; column_link_target=&#8220;_self&#8220; overflow=&#8220;visible&#8220; gradient_direction=&#8220;left_to_right&#8220; overlay_strength=&#8220;0.3&#8243; width=&#8220;1\/6&#8243; tablet_width_inherit=&#8220;default&#8220; animation_type=&#8220;default&#8220; bg_image_animation=&#8220;none&#8220; border_type=&#8220;simple&#8220; column_border_width=&#8220;none&#8220; column_border_style=&#8220;solid&#8220;][\/vc_column_inner][\/vc_row_inner][vc_row_inner column_margin=&#8220;default&#8220; column_direction=&#8220;default&#8220; column_direction_tablet=&#8220;default&#8220; column_direction_phone=&#8220;default&#8220; text_align=&#8220;left&#8220; row_position=&#8220;default&#8220; row_position_tablet=&#8220;inherit&#8220; row_position_phone=&#8220;inherit&#8220; overflow=&#8220;visible&#8220; pointer_events=&#8220;all&#8220;][vc_column_inner column_padding=&#8220;no-extra-padding&#8220; column_padding_tablet=&#8220;inherit&#8220; column_padding_phone=&#8220;inherit&#8220; column_padding_position=&#8220;all&#8220; column_element_direction_desktop=&#8220;default&#8220; column_element_spacing=&#8220;default&#8220; desktop_text_alignment=&#8220;default&#8220; tablet_text_alignment=&#8220;default&#8220; phone_text_alignment=&#8220;default&#8220; background_color_opacity=&#8220;1&#8243; background_hover_color_opacity=&#8220;1&#8243; background_image=&#8220;6154&#8243; background_image_position=&#8220;center center&#8220; background_image_stacking=&#8220;default&#8220; background_image_loading=&#8220;default&#8220; column_backdrop_filter=&#8220;none&#8220; column_shadow=&#8220;none&#8220; column_border_radius=&#8220;none&#8220; column_link_target=&#8220;_self&#8220; overflow=&#8220;visible&#8220; gradient_direction=&#8220;left_to_right&#8220; overlay_strength=&#8220;0.3&#8243; width=&#8220;1\/1&#8243; tablet_width_inherit=&#8220;default&#8220; animation_type=&#8220;default&#8220; enable_animation=&#8220;true&#8220; animation=&#8220;fade-in-from-left&#8220; animation_easing=&#8220;default&#8220; bg_image_animation=&#8220;none&#8220; border_type=&#8220;simple&#8220; column_border_width=&#8220;none&#8220; column_border_style=&#8220;solid&#8220; column_padding_type=&#8220;default&#8220; gradient_type=&#8220;default&#8220;][divider line_type=&#8220;No Line&#8220; custom_height=&#8220;65vh&#8220; custom_height_tablet=&#8220;45vh&#8220; custom_height_phone=&#8220;45vh&#8220;][\/vc_column_inner][\/vc_row_inner][\/vc_column][\/vc_row]\n","protected":false},"excerpt":{"rendered":"<p>[vc_row type=&#8220;full_width_content&#8220; full_screen_row_position=&#8220;middle&#8220; column_margin=&#8220;none&#8220; column_direction=&#8220;default&#8220; column_direction_tablet=&#8220;default&#8220; column_direction_phone=&#8220;default&#8220; bg_image=&#8220;715&#8243; bg_position=&#8220;left top&#8220; background_image_loading=&#8220;default&#8220; bg_repeat=&#8220;no-repeat&#8220; scene_position=&#8220;center&#8220; top_padding=&#8220;10%&#8220; bottom_padding=&#8220;8%&#8220; top_padding_tablet=&#8220;20%&#8220; bottom_padding_tablet=&#8220;8%&#8220; left_padding_tablet=&#8220;0&#8243; right_padding_tablet=&#8220;0&#8243; top_padding_phone=&#8220;34%&#8220; bottom_padding_phone=&#8220;8%&#8220; left_padding_phone=&#8220;0&#8243; right_padding_phone=&#8220;0&#8243; text_color=&#8220;dark&#8220; text_align=&#8220;left&#8220; row_border_radius=&#8220;none&#8220; row_border_radius_applies=&#8220;bg&#8220; overflow=&#8220;visible&#8220; overlay_strength=&#8220;0.3&#8243; gradient_direction=&#8220;left_to_right&#8220;&#8230;<\/p>\n","protected":false},"author":1,"featured_media":0,"parent":0,"menu_order":0,"comment_status":"closed","ping_status":"closed","template":"","meta":{"_acf_changed":false,"footnotes":""},"class_list":["post-5110","page","type-page","status-publish"],"acf":[],"yoast_head":"<!-- This site is optimized with the Yoast SEO plugin v27.3 - https:\/\/yoast.com\/product\/yoast-seo-wordpress\/ -->\n<title>Vielen Dank f\u00fcr Ihre Kontaktaufnahme | Hi Hotels Sirmione<\/title>\n<meta name=\"description\" content=\"Wir haben Ihre Nachricht korrekt erhalten und werden Ihnen so schnell wie m\u00f6glich antworten, um Ihnen alle gew\u00fcnschten Informationen zukommen zu lassen.\" \/>\n<meta name=\"robots\" content=\"index, follow, max-snippet:-1, max-image-preview:large, max-video-preview:-1\" \/>\n<link rel=\"canonical\" href=\"https:\/\/www.hihotelsirmione.it\/de\/vielen-dank-fuer-ihre-kontaktaufnahme\/\" \/>\n<meta property=\"og:locale\" content=\"de_DE\" \/>\n<meta property=\"og:type\" content=\"article\" \/>\n<meta property=\"og:title\" content=\"Vielen Dank f\u00fcr Ihre Kontaktaufnahme | Hi Hotels Sirmione\" \/>\n<meta property=\"og:description\" content=\"Wir haben Ihre Nachricht korrekt erhalten und werden Ihnen so schnell wie m\u00f6glich antworten, um Ihnen alle gew\u00fcnschten Informationen zukommen zu lassen.\" \/>\n<meta property=\"og:url\" content=\"https:\/\/www.hihotelsirmione.it\/de\/vielen-dank-fuer-ihre-kontaktaufnahme\/\" \/>\n<meta property=\"og:site_name\" content=\"Hi Hotels Sirmione\" \/>\n<meta property=\"article:modified_time\" content=\"2025-08-11T14:08:01+00:00\" \/>\n<meta name=\"twitter:card\" content=\"summary_large_image\" \/>\n<meta name=\"twitter:label1\" content=\"Gesch\u00e4tzte Lesezeit\" \/>\n\t<meta name=\"twitter:data1\" content=\"5\u00a0Minuten\" \/>\n<script type=\"application\/ld+json\" class=\"yoast-schema-graph\">{\"@context\":\"https:\\\/\\\/schema.org\",\"@graph\":[{\"@type\":\"WebPage\",\"@id\":\"https:\\\/\\\/www.hihotelsirmione.it\\\/de\\\/vielen-dank-fuer-ihre-kontaktaufnahme\\\/\",\"url\":\"https:\\\/\\\/www.hihotelsirmione.it\\\/de\\\/vielen-dank-fuer-ihre-kontaktaufnahme\\\/\",\"name\":\"Vielen Dank f\u00fcr Ihre Kontaktaufnahme | Hi Hotels Sirmione\",\"isPartOf\":{\"@id\":\"https:\\\/\\\/www.hihotelsirmione.it\\\/de\\\/#website\"},\"datePublished\":\"2025-04-30T13:22:13+00:00\",\"dateModified\":\"2025-08-11T14:08:01+00:00\",\"description\":\"Wir haben Ihre Nachricht korrekt erhalten und werden Ihnen so schnell wie m\u00f6glich antworten, um Ihnen alle gew\u00fcnschten Informationen zukommen zu lassen.\",\"breadcrumb\":{\"@id\":\"https:\\\/\\\/www.hihotelsirmione.it\\\/de\\\/vielen-dank-fuer-ihre-kontaktaufnahme\\\/#breadcrumb\"},\"inLanguage\":\"de\",\"potentialAction\":[{\"@type\":\"ReadAction\",\"target\":[\"https:\\\/\\\/www.hihotelsirmione.it\\\/de\\\/vielen-dank-fuer-ihre-kontaktaufnahme\\\/\"]}]},{\"@type\":\"BreadcrumbList\",\"@id\":\"https:\\\/\\\/www.hihotelsirmione.it\\\/de\\\/vielen-dank-fuer-ihre-kontaktaufnahme\\\/#breadcrumb\",\"itemListElement\":[{\"@type\":\"ListItem\",\"position\":1,\"name\":\"Home\",\"item\":\"https:\\\/\\\/www.hihotelsirmione.it\\\/de\\\/\"},{\"@type\":\"ListItem\",\"position\":2,\"name\":\"Vielen Dank f\u00fcr Ihre Kontaktaufnahme\"}]},{\"@type\":\"WebSite\",\"@id\":\"https:\\\/\\\/www.hihotelsirmione.it\\\/de\\\/#website\",\"url\":\"https:\\\/\\\/www.hihotelsirmione.it\\\/de\\\/\",\"name\":\"Hi Hotels Sirmione\",\"description\":\"Il tuo viaggio inizia ora\",\"potentialAction\":[{\"@type\":\"SearchAction\",\"target\":{\"@type\":\"EntryPoint\",\"urlTemplate\":\"https:\\\/\\\/www.hihotelsirmione.it\\\/de\\\/?s={search_term_string}\"},\"query-input\":{\"@type\":\"PropertyValueSpecification\",\"valueRequired\":true,\"valueName\":\"search_term_string\"}}],\"inLanguage\":\"de\"}]}<\/script>\n<!-- \/ Yoast SEO plugin. -->","yoast_head_json":{"title":"Vielen Dank f\u00fcr Ihre Kontaktaufnahme | Hi Hotels Sirmione","description":"Wir haben Ihre Nachricht korrekt erhalten und werden Ihnen so schnell wie m\u00f6glich antworten, um Ihnen alle gew\u00fcnschten Informationen zukommen zu lassen.","robots":{"index":"index","follow":"follow","max-snippet":"max-snippet:-1","max-image-preview":"max-image-preview:large","max-video-preview":"max-video-preview:-1"},"canonical":"https:\/\/www.hihotelsirmione.it\/de\/vielen-dank-fuer-ihre-kontaktaufnahme\/","og_locale":"de_DE","og_type":"article","og_title":"Vielen Dank f\u00fcr Ihre Kontaktaufnahme | Hi Hotels Sirmione","og_description":"Wir haben Ihre Nachricht korrekt erhalten und werden Ihnen so schnell wie m\u00f6glich antworten, um Ihnen alle gew\u00fcnschten Informationen zukommen zu lassen.","og_url":"https:\/\/www.hihotelsirmione.it\/de\/vielen-dank-fuer-ihre-kontaktaufnahme\/","og_site_name":"Hi Hotels Sirmione","article_modified_time":"2025-08-11T14:08:01+00:00","twitter_card":"summary_large_image","twitter_misc":{"Gesch\u00e4tzte Lesezeit":"5\u00a0Minuten"},"schema":{"@context":"https:\/\/schema.org","@graph":[{"@type":"WebPage","@id":"https:\/\/www.hihotelsirmione.it\/de\/vielen-dank-fuer-ihre-kontaktaufnahme\/","url":"https:\/\/www.hihotelsirmione.it\/de\/vielen-dank-fuer-ihre-kontaktaufnahme\/","name":"Vielen Dank f\u00fcr Ihre Kontaktaufnahme | Hi Hotels Sirmione","isPartOf":{"@id":"https:\/\/www.hihotelsirmione.it\/de\/#website"},"datePublished":"2025-04-30T13:22:13+00:00","dateModified":"2025-08-11T14:08:01+00:00","description":"Wir haben Ihre Nachricht korrekt erhalten und werden Ihnen so schnell wie m\u00f6glich antworten, um Ihnen alle gew\u00fcnschten Informationen zukommen zu lassen.","breadcrumb":{"@id":"https:\/\/www.hihotelsirmione.it\/de\/vielen-dank-fuer-ihre-kontaktaufnahme\/#breadcrumb"},"inLanguage":"de","potentialAction":[{"@type":"ReadAction","target":["https:\/\/www.hihotelsirmione.it\/de\/vielen-dank-fuer-ihre-kontaktaufnahme\/"]}]},{"@type":"BreadcrumbList","@id":"https:\/\/www.hihotelsirmione.it\/de\/vielen-dank-fuer-ihre-kontaktaufnahme\/#breadcrumb","itemListElement":[{"@type":"ListItem","position":1,"name":"Home","item":"https:\/\/www.hihotelsirmione.it\/de\/"},{"@type":"ListItem","position":2,"name":"Vielen Dank f\u00fcr Ihre Kontaktaufnahme"}]},{"@type":"WebSite","@id":"https:\/\/www.hihotelsirmione.it\/de\/#website","url":"https:\/\/www.hihotelsirmione.it\/de\/","name":"Hi Hotels Sirmione","description":"Il tuo viaggio inizia ora","potentialAction":[{"@type":"SearchAction","target":{"@type":"EntryPoint","urlTemplate":"https:\/\/www.hihotelsirmione.it\/de\/?s={search_term_string}"},"query-input":{"@type":"PropertyValueSpecification","valueRequired":true,"valueName":"search_term_string"}}],"inLanguage":"de"}]}},"publishpress_future_action":{"enabled":false,"date":"2026-05-08 07:32:02","action":"change-status","newStatus":"draft","terms":[],"taxonomy":"translation_priority","extraData":[]},"publishpress_future_workflow_manual_trigger":{"enabledWorkflows":[]},"_links":{"self":[{"href":"https:\/\/www.hihotelsirmione.it\/de\/wp-json\/wp\/v2\/pages\/5110","targetHints":{"allow":["GET"]}}],"collection":[{"href":"https:\/\/www.hihotelsirmione.it\/de\/wp-json\/wp\/v2\/pages"}],"about":[{"href":"https:\/\/www.hihotelsirmione.it\/de\/wp-json\/wp\/v2\/types\/page"}],"author":[{"embeddable":true,"href":"https:\/\/www.hihotelsirmione.it\/de\/wp-json\/wp\/v2\/users\/1"}],"replies":[{"embeddable":true,"href":"https:\/\/www.hihotelsirmione.it\/de\/wp-json\/wp\/v2\/comments?post=5110"}],"version-history":[{"count":2,"href":"https:\/\/www.hihotelsirmione.it\/de\/wp-json\/wp\/v2\/pages\/5110\/revisions"}],"predecessor-version":[{"id":6161,"href":"https:\/\/www.hihotelsirmione.it\/de\/wp-json\/wp\/v2\/pages\/5110\/revisions\/6161"}],"wp:attachment":[{"href":"https:\/\/www.hihotelsirmione.it\/de\/wp-json\/wp\/v2\/media?parent=5110"}],"curies":[{"name":"wp","href":"https:\/\/api.w.org\/{rel}","templated":true}]}}